{"id":666,"date":"2019-11-16T00:27:18","date_gmt":"2019-11-15T23:27:18","guid":{"rendered":"https:\/\/www.supersocial.at\/?page_id=666"},"modified":"2019-11-16T00:27:18","modified_gmt":"2019-11-15T23:27:18","slug":"datenschutz_events","status":"publish","type":"page","link":"https:\/\/www.supersocial.at\/de\/datenschutz_events\/","title":{"rendered":"Datenschutz Events"},"content":{"rendered":"<div class=\"wpb-content-wrapper\"><p>[vc_row css_animation=&#8220;&#8220; row_type=&#8220;row&#8220; use_row_as_full_screen_section=&#8220;no&#8220; type=&#8220;grid&#8220; angled_section=&#8220;no&#8220; text_align=&#8220;left&#8220; background_image_as_pattern=&#8220;without_pattern&#8220; el_class=&#8220;imprint&#8220;][vc_column width=&#8220;2\/3&#8243;][vc_column_text]<\/p>\n<h2>Datenschutzhinweise f\u00fcr Foto- und Videoaufnahmen bei SuperSocial Veranstaltungen<\/h2>\n<p class=\"p1\">Im Rahmen der Veranstaltung werden Bildaufnahmen erstellt. Nachfolgend informieren wir Sie \u00fcber die Art und Zwecke der Bildaufnahmen, \u00fcber die Rechtsgrundlagen und Ihre Rechte.<\/p>\n<p class=\"p1\"><b>Die Bildaufnahmen werden zu den folgenden Zwecken verwendet: <\/b>Bereitstellung der Aufnahmen f\u00fcr die Teilnehmer; Interne Bilddatenbank, bzw. Bildarchiv; Vereinsinterne Nutzung; Verwendung im internen Netzwerk (Intranet); Bereitstellung an Sponsoren\/Partner; Pr\u00e4sentation und Bewerbung unser eigenen Leistungen; Hinweise auf weitere und auf \u00e4hnliche Veranstaltungen; Unsere eigenen Printmedien, Publikationen und Pr\u00e4sentationen; Werbezwecke; \u00d6ffentliche Berichterstattung \u00fcber die Veranstaltung; \u00d6ffentlich zug\u00e4ngliche Bilddatenbank, bzw. Bildarchiv; \u00d6ffentlichkeitsarbeit; Ver\u00f6ffentlichung in sozialen Medien; Verwendung auf unserer Website; Verwendung durch Presse\/Medien; Verwendung in Videoproduktionen; Videoberichterstattung zur Veranstaltung; Verwendung f\u00fcr Unterricht\/Lehre; Vortrags- und Anschauungszwecke.<\/p>\n<p class=\"p1\"><b>Art der Aufnahmen:<\/b> Fotografien und Videoaufnahmen.<\/p>\n<p class=\"p1\"><b>Rechtsgrundlagen der Aufnahmen:<\/b> Berechtigte und verh\u00e4ltnism\u00e4\u00dfige Interessen an der Nutzung der Aufnahmen zu den vorgenannten Zwecken gem. Art. 6 Abs. 1 S. 1 lit. f. DSGVO i.V.m. \u00a7 12 Abs 2 Z 4 DSG.<\/p>\n<p class=\"p1\"><b>Aufbewahrungsdauer der Bildaufnahmen:<\/b> Die Bildaufnahmen werden solange aufbewahrt, wie das zu den vorgenannten Zwecken erforderlich ist. Die Bildaufnahmen k\u00f6nnen intern unbeschr\u00e4nkt aufbewahrt werden, z.B. zur Sicherung von urheberrechtlichen Rechtsanspr\u00fcchen durch Nachweis von Originalaufnahmen oder aus geschichtlich\/archivarischen Gr\u00fcnden.<\/p>\n<p class=\"p1\">Wir bitten Sie besondere R\u00fccksicht auf minderj\u00e4hrige Personen zu nehmen und diese nicht oder nur mit der Einwilligung der Erziehungsberechtigten, bzw. bei Jugendlichen ab 16. Lebensjahr mit deren Einwilligung abzulichten.<\/p>\n<p class=\"p1\"><b>Hinweise auf Bildaufnahmen Dritter:<\/b> Bildaufnahmen k\u00f6nnen auch von den Teilnehmern der Veranstaltung in deren eigener Verantwortung erstellt werden. Wir bitten die Teilnehmer um gegenseitige R\u00fccksichtnahme auf ihre Pers\u00f6nlichkeitsrechte. W\u00e4hrend der Veranstaltung k\u00f6nnen Medienvertreter vor Ort sein und in eigener Verantwortung Bildaufnahmen erstellen.<\/p>\n<p class=\"p1\"><b>Verantwortlicher<\/b>:<\/p>\n<p class=\"p1\">Mathias Haas, MBA; SuperSocial e.U.<br \/>\nEngertshtr. 143\/5\/1\/6<br \/>\nA1020 Wien, \u00d6sterreich<br \/>\nGesch\u00e4ftsf\u00fchrer\/ Inhaber: Mathias Haas, MBA<\/p>\n<p class=\"p2\"><span class=\"s1\"><b>E-Mail-Adresse<\/b>: <a href=\"mailto:hello@supersocial.at\"><span class=\"s2\">hello@supersocial.at<\/span><\/a><\/span><\/p>\n<p class=\"p1\"><b>Telefon<\/b>: +436644664707<\/p>\n<p class=\"p2\"><span class=\"s1\"><b>Datenschutzerkl\u00e4rung<\/b>: <a href=\"https:\/\/www.supersocial.at\/en\/datenschutz\/\"><span class=\"s2\">https:\/\/www.supersocial.at\/en\/datenschutz\/<\/span><\/a><\/span><\/p>\n<p class=\"p1\"><b>Ihre Rechte<\/b>: Sie k\u00f6nnen Ihr Recht auf Auskunft oder Berichtigung, L\u00f6schung und Einschr\u00e4nkung der Verarbeitung der Fotografien geltend machen und k\u00f6nnen sich bei der zust\u00e4ndigen Aufsichtsbeh\u00f6rde beschweren. Sie k\u00f6nnen der Verarbeitung von Aufnahmen und Daten, die Sie betreffen jederzeit widersprechen.<\/p>\n<p class=\"p2\"><span class=\"s2\"><a href=\"https:\/\/datenschutz-generator.de\/?l=de\">Erstellt mit kostenlosem Datenschutz-Generator.de von Dr. Thomas Schwenke<\/a><\/span><\/p>\n<h3><\/h3>\n<p>[\/vc_column_text][\/vc_column][\/vc_row][vc_row css_animation=&#8220;&#8220; row_type=&#8220;row&#8220; use_row_as_full_screen_section=&#8220;no&#8220; type=&#8220;grid&#8220; angled_section=&#8220;no&#8220; text_align=&#8220;left&#8220; background_image_as_pattern=&#8220;without_pattern&#8220; background_color=&#8220;#afff00&#8243; padding_top=&#8220;90&#8243; padding_bottom=&#8220;90&#8243; el_class=&#8220;contact&#8220;][vc_column width=&#8220;2\/3&#8243;][vc_column_text]<\/p>\n<h2>Kontakt<\/h2>\n<p>Wir freuen uns darauf von dir zu h\u00f6ren und dich kennen zu lernen! Du findest uns in der Engerthstra\u00dfe 143 in Wien, schreib uns eine E-Mail an <a href=\"mailto:hello@supersocial.at\">hello@supersocial.at<\/a>oder ruf uns an unter <a href=\"tel:+436644664707\">+43 664 4664707<\/a>.<\/p>\n<p>[\/vc_column_text][\/vc_column][vc_column width=&#8220;1\/3&#8243;][\/vc_column][\/vc_row]<\/p>\n<\/div>","protected":false},"excerpt":{"rendered":"<p>[vc_row css_animation=&#8220;&#8220; row_type=&#8220;row&#8220; use_row_as_full_screen_section=&#8220;no&#8220; type=&#8220;grid&#8220; angled_section=&#8220;no&#8220; text_align=&#8220;left&#8220; background_image_as_pattern=&#8220;without_pattern&#8220; el_class=&#8220;imprint&#8220;][vc_column width=&#8220;2\/3&#8243;][vc_column_text] Datenschutzhinweise f\u00fcr Foto- und Videoaufnahmen bei SuperSocial Veranstaltungen Im Rahmen der Veranstaltung werden Bildaufnahmen erstellt. Nachfolgend informieren wir Sie \u00fcber die Art und Zwecke der Bildaufnahmen, \u00fcber die Rechtsgrundlagen und Ihre Rechte. Die Bildaufnahmen werden&#8230;<\/p>\n","protected":false},"author":2,"featured_media":0,"parent":0,"menu_order":0,"comment_status":"closed","ping_status":"closed","template":"full_width.php","meta":{"footnotes":""},"class_list":["post-666","page","type-page","status-publish","hentry"],"_links":{"self":[{"href":"https:\/\/www.supersocial.at\/de\/wp-json\/wp\/v2\/pages\/666","targetHints":{"allow":["GET"]}}],"collection":[{"href":"https:\/\/www.supersocial.at\/de\/wp-json\/wp\/v2\/pages"}],"about":[{"href":"https:\/\/www.supersocial.at\/de\/wp-json\/wp\/v2\/types\/page"}],"author":[{"embeddable":true,"href":"https:\/\/www.supersocial.at\/de\/wp-json\/wp\/v2\/users\/2"}],"replies":[{"embeddable":true,"href":"https:\/\/www.supersocial.at\/de\/wp-json\/wp\/v2\/comments?post=666"}],"version-history":[{"count":9,"href":"https:\/\/www.supersocial.at\/de\/wp-json\/wp\/v2\/pages\/666\/revisions"}],"predecessor-version":[{"id":1784,"href":"https:\/\/www.supersocial.at\/de\/wp-json\/wp\/v2\/pages\/666\/revisions\/1784"}],"wp:attachment":[{"href":"https:\/\/www.supersocial.at\/de\/wp-json\/wp\/v2\/media?parent=666"}],"curies":[{"name":"wp","href":"https:\/\/api.w.org\/{rel}","templated":true}]}}