{"id":1167,"date":"2021-03-17T12:17:50","date_gmt":"2021-03-17T11:17:50","guid":{"rendered":"https:\/\/www.supersocial.at\/?post_type=product&#038;p=1167"},"modified":"2024-04-03T23:52:37","modified_gmt":"2024-04-03T21:52:37","slug":"speaker-coaching","status":"publish","type":"product","link":"https:\/\/www.supersocial.at\/de\/produkt\/speaker-coaching\/","title":{"rendered":"Speaker Coaching"},"content":{"rendered":"<div class=\"wpb-content-wrapper\"><p>[vc_row css_animation=&#8220;&#8220; row_type=&#8220;row&#8220; use_row_as_full_screen_section=&#8220;no&#8220; type=&#8220;full_width&#8220; angled_section=&#8220;no&#8220; text_align=&#8220;left&#8220; background_image_as_pattern=&#8220;without_pattern&#8220; z_index=&#8220;&#8220; background_color=&#8220;#00a8ff&#8220; padding_top=&#8220;90&#8243; padding_bottom=&#8220;90&#8243; el_class=&#8220;whitefont&#8220;][vc_column][vc_row_inner row_type=&#8220;row&#8220; type=&#8220;grid&#8220; text_align=&#8220;left&#8220; css_animation=&#8220;&#8220;][vc_column_inner width=&#8220;1\/3&#8243;][vc_single_image image=&#8220;1031&#8243; img_size=&#8220;full&#8220; qode_css_animation=&#8220;&#8220;][\/vc_column_inner][vc_column_inner width=&#8220;2\/3&#8243;][vc_column_text]<\/p>\n<h3>Begeistere dein Publikum vom ersten Satz an<\/h3>\n<p>Als Kurator von zahlreichen Events in mehreren L\u00e4ndern und nach der Analyse von hunderten guten und schlechten TEDx-Talks teile ich Tipps, Tricks und Erkenntnisse f\u00fcr deine erfolgreiche Pr\u00e4sentation.[\/vc_column_text][\/vc_column_inner][\/vc_row_inner][\/vc_column][\/vc_row][vc_row css_animation=&#8220;&#8220; row_type=&#8220;row&#8220; use_row_as_full_screen_section=&#8220;no&#8220; type=&#8220;full_width&#8220; angled_section=&#8220;no&#8220; text_align=&#8220;left&#8220; background_image_as_pattern=&#8220;without_pattern&#8220; z_index=&#8220;&#8220; padding_top=&#8220;90&#8243; padding_bottom=&#8220;90&#8243;][vc_column][vc_row_inner row_type=&#8220;row&#8220; type=&#8220;grid&#8220; text_align=&#8220;left&#8220; css_animation=&#8220;&#8220;][vc_column_inner width=&#8220;1\/2&#8243;][vc_column_text css=&#8220;.vc_custom_1712181153453{padding-top: 13% !important;padding-right: 8% !important;}&#8220;]<\/p>\n<h2>\u201cHallo, mein Name ist\u2026<\/h2>\n<p>&#8230; und ich bin sehr dankbar heute hier sprechen zu d\u00fcrfen!\u201d ist wohl der h\u00e4ufigste Satz bei Pr\u00e4sentationen und ziemlich fad. In unserem Speaker Coaching stellen wir dir verschiedene Methoden vor, mit denen du dein Publikum vom ersten Satz an begeistern kannst, Spannung aufbauen kannst und die richtige Botschaft r\u00fcberbringst.[\/vc_column_text][\/vc_column_inner][vc_column_inner width=&#8220;1\/2&#8243;][vc_single_image image=&#8220;1178&#8243; img_size=&#8220;full&#8220; alignment=&#8220;right&#8220; qode_css_animation=&#8220;&#8220;][\/vc_column_inner][\/vc_row_inner][\/vc_column][\/vc_row][vc_row css_animation=&#8220;&#8220; row_type=&#8220;row&#8220; use_row_as_full_screen_section=&#8220;no&#8220; type=&#8220;full_width&#8220; angled_section=&#8220;no&#8220; text_align=&#8220;left&#8220; background_image_as_pattern=&#8220;without_pattern&#8220; z_index=&#8220;&#8220; padding_top=&#8220;90&#8243; padding_bottom=&#8220;90&#8243; background_image=&#8220;1180&#8243;][vc_column][vc_row_inner row_type=&#8220;row&#8220; type=&#8220;grid&#8220; text_align=&#8220;left&#8220; css_animation=&#8220;&#8220;][vc_column_inner][vc_empty_space height=&#8220;400&#8243;][\/vc_column_inner][\/vc_row_inner][\/vc_column][\/vc_row][vc_row css_animation=&#8220;&#8220; row_type=&#8220;row&#8220; use_row_as_full_screen_section=&#8220;no&#8220; type=&#8220;full_width&#8220; angled_section=&#8220;no&#8220; text_align=&#8220;left&#8220; background_image_as_pattern=&#8220;without_pattern&#8220; z_index=&#8220;&#8220; padding_top=&#8220;90&#8243; padding_bottom=&#8220;90&#8243;][vc_column][vc_row_inner row_type=&#8220;row&#8220; type=&#8220;grid&#8220; text_align=&#8220;left&#8220; css_animation=&#8220;&#8220;][vc_column_inner width=&#8220;1\/2&#8243;][vc_single_image image=&#8220;1077&#8243; img_size=&#8220;full&#8220; qode_css_animation=&#8220;&#8220;][\/vc_column_inner][vc_column_inner width=&#8220;1\/2&#8243;][vc_column_text css=&#8220;.vc_custom_1615984698243{padding-top: 6% !important;padding-left: 10% !important;}&#8220;]<\/p>\n<h2>Was dich erwartet<\/h2>\n<p>Professionelles Coaching bestehend aus<\/p>\n<ul>\n<li>Pitch und Talk Analyse<\/li>\n<li>Zielsetzung und Publikumsanalyse<\/li>\n<li>Talk DNA &#8211; Vom \u201cGolden Circle\u201d bis zur \u201cHeldengeschichte\u201d<\/li>\n<li>Showtime Tipps (K\u00f6rperhaltung, Mimik, Gestik, \u2026)<\/li>\n<\/ul>\n<p>Das Speaker Coaching ist f\u00fcr jede\/n, die\/der eine Rede oder eine Pr\u00e4sentation plant. Hierbei ist es egal, ob man bereits aktiver Speaker ist oder noch ganz am Anfang steht.[\/vc_column_text][\/vc_column_inner][\/vc_row_inner][\/vc_column][\/vc_row][vc_row css_animation=&#8220;&#8220; row_type=&#8220;row&#8220; use_row_as_full_screen_section=&#8220;no&#8220; type=&#8220;full_width&#8220; angled_section=&#8220;no&#8220; text_align=&#8220;left&#8220; background_image_as_pattern=&#8220;without_pattern&#8220; z_index=&#8220;&#8220; background_color=&#8220;#00a8ff&#8220; padding_top=&#8220;90&#8243; padding_bottom=&#8220;90&#8243; el_class=&#8220;whitefont&#8220;][vc_column][vc_row_inner row_type=&#8220;row&#8220; type=&#8220;grid&#8220; text_align=&#8220;left&#8220; css_animation=&#8220;&#8220; css=&#8220;.vc_custom_1614772838930{margin-bottom: 20px !important;}&#8220;][vc_column_inner][vc_column_text]<\/p>\n<h3>Hinweise<\/h3>\n<p>[\/vc_column_text][\/vc_column_inner][\/vc_row_inner][vc_row_inner row_type=&#8220;row&#8220; type=&#8220;grid&#8220; text_align=&#8220;left&#8220; css_animation=&#8220;&#8220;][vc_column_inner width=&#8220;1\/2&#8243;][vc_column_text]<\/p>\n<ul>\n<li>Ort: Online auf Google Meet oder Zoom<\/li>\n<li>Dauer: 1-6 Einheiten (1 Einheit = 1 Stunde)<\/li>\n<li>Nach dem Kauf kannst du deinen Termin in einem Kalendertool ausw\u00e4hlen.<\/li>\n<\/ul>\n<p>[\/vc_column_text][\/vc_column_inner][vc_column_inner width=&#8220;1\/2&#8243;][vc_column_text]<\/p>\n<ul>\n<li>Das Speaker Coaching ist pers\u00f6nliches Coaching und nicht f\u00fcr Gruppen gedacht.<\/li>\n<li>F\u00fcr dieses Service besteht auch die M\u00f6glichkeit f\u00fcr eine Zahlung per Rechnung. Melde dich einfach unter <a href=\"mailto:hallo@supersocial.at\">hallo@supersocial.at<\/a><\/li>\n<\/ul>\n<p>[\/vc_column_text][\/vc_column_inner][\/vc_row_inner][\/vc_column][\/vc_row]<\/p>\n<\/div>","protected":false},"excerpt":{"rendered":"<p>Professionelles Coaching f\u00fcr deinen \u00f6ffentlichen Auftritt, deine Rede oder Pr\u00e4sentation.<\/p>\n<ul>\n<li>Online via Google Meet oder Zoom<\/li>\n<li>Insider-Tipps &amp; Tricks aus der Welt von TEDx<\/li>\n<li>Zusammenfassung und Aufzeichnung des Coachings<\/li>\n<\/ul>\n","protected":false},"featured_media":1223,"template":"","meta":[],"product_brand":[],"product_cat":[79],"product_tag":[],"class_list":{"0":"post-1167","1":"product","2":"type-product","3":"status-publish","4":"has-post-thumbnail","6":"product_cat-service-de-2","8":"first","9":"instock","10":"taxable","11":"shipping-taxable","12":"purchasable","13":"product-type-variable","14":"has-default-attributes"},"_links":{"self":[{"href":"https:\/\/www.supersocial.at\/de\/wp-json\/wp\/v2\/product\/1167","targetHints":{"allow":["GET"]}}],"collection":[{"href":"https:\/\/www.supersocial.at\/de\/wp-json\/wp\/v2\/product"}],"about":[{"href":"https:\/\/www.supersocial.at\/de\/wp-json\/wp\/v2\/types\/product"}],"wp:featuredmedia":[{"embeddable":true,"href":"https:\/\/www.supersocial.at\/de\/wp-json\/wp\/v2\/media\/1223"}],"wp:attachment":[{"href":"https:\/\/www.supersocial.at\/de\/wp-json\/wp\/v2\/media?parent=1167"}],"wp:term":[{"taxonomy":"product_brand","embeddable":true,"href":"https:\/\/www.supersocial.at\/de\/wp-json\/wp\/v2\/product_brand?post=1167"},{"taxonomy":"product_cat","embeddable":true,"href":"https:\/\/www.supersocial.at\/de\/wp-json\/wp\/v2\/product_cat?post=1167"},{"taxonomy":"product_tag","embeddable":true,"href":"https:\/\/www.supersocial.at\/de\/wp-json\/wp\/v2\/product_tag?post=1167"}],"curies":[{"name":"wp","href":"https:\/\/api.w.org\/{rel}","templated":true}]}}