{"id":1104,"date":"2021-03-04T14:12:18","date_gmt":"2021-03-04T13:12:18","guid":{"rendered":"https:\/\/www.supersocial.at\/product\/social-media-content-inhouse-workshop\/"},"modified":"2024-01-22T12:14:19","modified_gmt":"2024-01-22T11:14:19","slug":"social-media-content-inhouse-workshop","status":"publish","type":"product","link":"https:\/\/www.supersocial.at\/en\/product\/social-media-content-inhouse-workshop\/","title":{"rendered":"Creative Content Workshop"},"content":{"rendered":"<div class=\"wpb-content-wrapper\"><p>[vc_row css_animation=&#8221;&#8221; row_type=&#8221;row&#8221; use_row_as_full_screen_section=&#8221;no&#8221; type=&#8221;full_width&#8221; angled_section=&#8221;no&#8221; text_align=&#8221;left&#8221; background_image_as_pattern=&#8221;without_pattern&#8221; z_index=&#8221;&#8221; background_color=&#8221;#00a8ff&#8221; padding_top=&#8221;90&#8243; padding_bottom=&#8221;90&#8243; el_class=&#8221;whitefont&#8221;][vc_column][vc_row_inner row_type=&#8221;row&#8221; type=&#8221;grid&#8221; text_align=&#8221;left&#8221; css_animation=&#8221;&#8221;][vc_column_inner width=&#8221;1\/3&#8243;][vc_single_image image=&#8221;1031&#8243; img_size=&#8221;full&#8221; qode_css_animation=&#8221;&#8221;][\/vc_column_inner][vc_column_inner width=&#8221;2\/3&#8243;][vc_column_text]<\/p>\n<h3>Relevante Inhalte f\u00fcr dein Social media<\/h3>\n<p>Mit unserem Workshop helfen wir mit der Ideensammlung, der richtigen Planung und den richtigen Tools. Wir erarbeiten deine Content Strategie und f\u00fcllen deinen Redaktionskalender.[\/vc_column_text][\/vc_column_inner][\/vc_row_inner][\/vc_column][\/vc_row][vc_row css_animation=&#8221;&#8221; row_type=&#8221;row&#8221; use_row_as_full_screen_section=&#8221;no&#8221; type=&#8221;full_width&#8221; angled_section=&#8221;no&#8221; text_align=&#8221;left&#8221; background_image_as_pattern=&#8221;without_pattern&#8221; z_index=&#8221;&#8221; padding_top=&#8221;90&#8243; padding_bottom=&#8221;90&#8243;][vc_column][vc_row_inner row_type=&#8221;row&#8221; type=&#8221;grid&#8221; text_align=&#8221;left&#8221; css_animation=&#8221;&#8221;][vc_column_inner width=&#8221;1\/2&#8243;][vc_column_text css=&#8221;.vc_custom_1614874497738{padding-top: 13% !important;padding-right: 8% !important;}&#8221;]<\/p>\n<h2>So f\u00fcllen wir euren Redaktionskalender<\/h2>\n<p>Neben den eigenen Terminen im Jahr (Veranstaltungen, Produkteinf\u00fchrungen, Jahrestage,&#8230;) gibt es viele Termine mit nationaler und internationaler Relevanz, die man mit eigenen Geschichten kombinieren kann. Gemeinsam mit eurem Team erstellen wir eine f\u00fcr euch individualisierte Inhalte-Sammlung f\u00fcr eure Social-Media-Kan\u00e4le.[\/vc_column_text][\/vc_column_inner][vc_column_inner width=&#8221;1\/2&#8243;][vc_single_image image=&#8221;1094&#8243; img_size=&#8221;full&#8221; alignment=&#8221;right&#8221; qode_css_animation=&#8221;&#8221;][\/vc_column_inner][\/vc_row_inner][\/vc_column][\/vc_row][vc_row css_animation=&#8221;&#8221; row_type=&#8221;row&#8221; use_row_as_full_screen_section=&#8221;no&#8221; type=&#8221;full_width&#8221; angled_section=&#8221;no&#8221; text_align=&#8221;left&#8221; background_image_as_pattern=&#8221;without_pattern&#8221; z_index=&#8221;&#8221; padding_top=&#8221;90&#8243; padding_bottom=&#8221;90&#8243; background_image=&#8221;1090&#8243;][vc_column][vc_row_inner row_type=&#8221;row&#8221; type=&#8221;grid&#8221; text_align=&#8221;left&#8221; css_animation=&#8221;&#8221;][vc_column_inner][vc_empty_space height=&#8221;400&#8243;][\/vc_column_inner][\/vc_row_inner][\/vc_column][\/vc_row][vc_row css_animation=&#8221;&#8221; row_type=&#8221;row&#8221; use_row_as_full_screen_section=&#8221;no&#8221; type=&#8221;full_width&#8221; angled_section=&#8221;no&#8221; text_align=&#8221;left&#8221; background_image_as_pattern=&#8221;without_pattern&#8221; z_index=&#8221;&#8221; padding_top=&#8221;90&#8243; padding_bottom=&#8221;90&#8243;][vc_column][vc_row_inner row_type=&#8221;row&#8221; type=&#8221;grid&#8221; text_align=&#8221;left&#8221; css_animation=&#8221;&#8221;][vc_column_inner width=&#8221;1\/2&#8243;][vc_single_image image=&#8221;1025&#8243; img_size=&#8221;full&#8221; qode_css_animation=&#8221;&#8221;][\/vc_column_inner][vc_column_inner width=&#8221;1\/2&#8243;][vc_column_text css=&#8221;.vc_custom_1614874851520{padding-top: 6% !important;padding-left: 10% !important;}&#8221;]<\/p>\n<h2>Was euch erwartet<\/h2>\n<p><strong>Theorie<\/strong><\/p>\n<ul>\n<li>Storytelling &#8211; worauf es bei Geschichten wirklich ankommt<\/li>\n<li>Formate &#8211; viel Video, wenig Links und noch vieles dazwischen<\/li>\n<li>Content-Planung &#8211; SuperSocial Kalender &amp; Redaktionsmeetings<\/li>\n<li>Content-Erstellung &#8211; Canva und Co.<\/li>\n<li>Best Practices &#8211; tolle Beispiele aus unterschiedlichsten Branchen<\/li>\n<\/ul>\n<p><strong>Praxis<\/strong><\/p>\n<ul>\n<li>Idea-Storming &#8211; gemeinsam suchen wir nach vielen Content Ideen<\/li>\n<li>Einrichten eines Ideen-Sheets f\u00fcr Content<\/li>\n<li>SuperSocial Jahreskalender &#8211; Relevanz-Synergien finden<\/li>\n<\/ul>\n<p>[\/vc_column_text][\/vc_column_inner][\/vc_row_inner][\/vc_column][\/vc_row][vc_row css_animation=&#8221;&#8221; row_type=&#8221;row&#8221; use_row_as_full_screen_section=&#8221;no&#8221; type=&#8221;full_width&#8221; angled_section=&#8221;no&#8221; text_align=&#8221;left&#8221; background_image_as_pattern=&#8221;without_pattern&#8221; z_index=&#8221;&#8221; background_color=&#8221;#00a8ff&#8221; padding_top=&#8221;90&#8243; padding_bottom=&#8221;90&#8243; el_class=&#8221;whitefont&#8221;][vc_column][vc_row_inner row_type=&#8221;row&#8221; type=&#8221;grid&#8221; text_align=&#8221;left&#8221; css_animation=&#8221;&#8221; css=&#8221;.vc_custom_1614772838930{margin-bottom: 20px !important;}&#8221;][vc_column_inner][vc_column_text]<\/p>\n<h3>Hinweise<\/h3>\n<p>[\/vc_column_text][\/vc_column_inner][\/vc_row_inner][vc_row_inner row_type=&#8221;row&#8221; type=&#8221;grid&#8221; text_align=&#8221;left&#8221; css_animation=&#8221;&#8221;][vc_column_inner width=&#8221;1\/2&#8243;][vc_column_text]<\/p>\n<ul>\n<li>Dauer: 5 Stunden inklusive 30 Min. Pause<\/li>\n<li>Personen: bis zu 10 Personen, f\u00fcr gr\u00f6\u00dfere Gruppen melde dich einfach unter <a href=\"mailto:hallo@supersocial.at\">hallo@supersocial.at<\/a><\/li>\n<li>Der Workshop findet in deinem Unternehmen statt. Bei Bedarf kann auch ein Raum angemietet werden.<\/li>\n<\/ul>\n<p>[\/vc_column_text][\/vc_column_inner][vc_column_inner width=&#8221;1\/2&#8243;][vc_column_text]<\/p>\n<ul>\n<li>Reisekosten werden extra verrechnet. Keine Reisekosten in und um Wien.<\/li>\n<li>Nach dem Kauf kannst du deinen Termin in einem Kalendertool ausw\u00e4hlen<\/li>\n<li>F\u00fcr dieses Service besteht auch die M\u00f6glichkeit f\u00fcr eine Zahlung per Rechnung. Melde dich einfach unter <a href=\"mailto:hallo@supersocial.at\">hallo@supersocial.at<\/a><\/li>\n<\/ul>\n<p>[\/vc_column_text][\/vc_column_inner][\/vc_row_inner][\/vc_column][\/vc_row]<\/p>\n<\/div>","protected":false},"excerpt":{"rendered":"<p>In unserem In-House Workshop erarbeiten wir gemeinsam relevanten Social Media Content f\u00fcr euch.<\/p>\n<ul>\n<li>5-st\u00fcndiger Workshop mit Theorie- und Praxisteil bei euch vor Ort<\/li>\n<li>Erarbeitung eurer Content Strategie<\/li>\n<li>Outcome: ein gef\u00fcllter Redaktionskalender<\/li>\n<\/ul>\n","protected":false},"featured_media":1202,"template":"","meta":[],"product_brand":[],"product_cat":[46],"product_tag":[],"class_list":{"0":"post-1104","1":"product","2":"type-product","3":"status-publish","4":"has-post-thumbnail","6":"product_cat-service","8":"first","9":"instock","10":"virtual","11":"taxable","12":"purchasable","13":"product-type-simple"},"_links":{"self":[{"href":"https:\/\/www.supersocial.at\/en\/wp-json\/wp\/v2\/product\/1104","targetHints":{"allow":["GET"]}}],"collection":[{"href":"https:\/\/www.supersocial.at\/en\/wp-json\/wp\/v2\/product"}],"about":[{"href":"https:\/\/www.supersocial.at\/en\/wp-json\/wp\/v2\/types\/product"}],"wp:featuredmedia":[{"embeddable":true,"href":"https:\/\/www.supersocial.at\/en\/wp-json\/wp\/v2\/media\/1202"}],"wp:attachment":[{"href":"https:\/\/www.supersocial.at\/en\/wp-json\/wp\/v2\/media?parent=1104"}],"wp:term":[{"taxonomy":"product_brand","embeddable":true,"href":"https:\/\/www.supersocial.at\/en\/wp-json\/wp\/v2\/product_brand?post=1104"},{"taxonomy":"product_cat","embeddable":true,"href":"https:\/\/www.supersocial.at\/en\/wp-json\/wp\/v2\/product_cat?post=1104"},{"taxonomy":"product_tag","embeddable":true,"href":"https:\/\/www.supersocial.at\/en\/wp-json\/wp\/v2\/product_tag?post=1104"}],"curies":[{"name":"wp","href":"https:\/\/api.w.org\/{rel}","templated":true}]}}