{"id":1116,"date":"2021-02-11T14:02:11","date_gmt":"2021-02-11T13:02:11","guid":{"rendered":"https:\/\/www.supersocial.at\/product\/facebook-page-check\/"},"modified":"2023-10-24T15:56:46","modified_gmt":"2023-10-24T13:56:46","slug":"facebook-page-check","status":"publish","type":"product","link":"https:\/\/www.supersocial.at\/en\/product\/facebook-page-check\/","title":{"rendered":"Facebook Page Check"},"content":{"rendered":"<div class=\"wpb-content-wrapper\"><p>[vc_row css_animation=&#8221;&#8221; row_type=&#8221;row&#8221; use_row_as_full_screen_section=&#8221;no&#8221; type=&#8221;full_width&#8221; angled_section=&#8221;no&#8221; text_align=&#8221;left&#8221; background_image_as_pattern=&#8221;without_pattern&#8221; z_index=&#8221;&#8221; background_color=&#8221;#00a8ff&#8221; padding_top=&#8221;90&#8243; padding_bottom=&#8221;90&#8243; el_class=&#8221;whitefont&#8221;][vc_column][vc_row_inner row_type=&#8221;row&#8221; type=&#8221;grid&#8221; text_align=&#8221;left&#8221; css_animation=&#8221;&#8221;][vc_column_inner width=&#8221;1\/3&#8243;][vc_single_image image=&#8221;1031&#8243; img_size=&#8221;full&#8221; qode_css_animation=&#8221;&#8221;][\/vc_column_inner][vc_column_inner width=&#8221;2\/3&#8243;][vc_column_text]<\/p>\n<h3>Entdecke das Potenzial deiner Seite<\/h3>\n<p>Wir analysieren alle wichtigen Inhalte und Einstellungen deiner Facebook Seite. Erhalte einen umfangreichen Bericht mit konkreten Handlungsempfehlungen.<\/p>\n<p>[\/vc_column_text][\/vc_column_inner][\/vc_row_inner][\/vc_column][\/vc_row][vc_row css_animation=&#8221;&#8221; row_type=&#8221;row&#8221; use_row_as_full_screen_section=&#8221;no&#8221; type=&#8221;full_width&#8221; angled_section=&#8221;no&#8221; text_align=&#8221;left&#8221; background_image_as_pattern=&#8221;without_pattern&#8221; z_index=&#8221;&#8221; padding_top=&#8221;90&#8243; padding_bottom=&#8221;90&#8243;][vc_column][vc_row_inner row_type=&#8221;row&#8221; type=&#8221;grid&#8221; text_align=&#8221;left&#8221; css_animation=&#8221;&#8221;][vc_column_inner width=&#8221;1\/2&#8243;][vc_column_text css=&#8221;.vc_custom_1698155796151{padding-top: 13% !important;}&#8221;]<\/p>\n<h2>Wir screenen deine Seite von A bis Z<\/h2>\n<p>Wir screenen deine Facebook Seite vom A wie Administratoren bis Z wie Zielgruppeneinschr\u00e4nkung. Nach einem von uns entworfenen Muster analysieren wir alle wichtigen Inhalte und Einstellungen und geben tiefe Einblicke in deine Insights, z.B. errechnen wir die organische Reichweite sowie Interaktionszahlen und vergleichen sie mit dem globalen und \u00f6sterreichischen Durchschnitt.[\/vc_column_text][\/vc_column_inner][vc_column_inner width=&#8221;1\/2&#8243;][vc_single_image image=&#8221;1052&#8243; img_size=&#8221;full&#8221; alignment=&#8221;right&#8221; qode_css_animation=&#8221;&#8221;][\/vc_column_inner][\/vc_row_inner][\/vc_column][\/vc_row][vc_row css_animation=&#8221;&#8221; row_type=&#8221;row&#8221; use_row_as_full_screen_section=&#8221;no&#8221; type=&#8221;full_width&#8221; angled_section=&#8221;no&#8221; text_align=&#8221;left&#8221; background_image_as_pattern=&#8221;without_pattern&#8221; z_index=&#8221;&#8221; padding_top=&#8221;90&#8243; padding_bottom=&#8221;90&#8243; background_image=&#8221;1050&#8243;][vc_column][vc_row_inner row_type=&#8221;row&#8221; type=&#8221;grid&#8221; text_align=&#8221;left&#8221; css_animation=&#8221;&#8221;][vc_column_inner][vc_empty_space height=&#8221;400&#8243;][\/vc_column_inner][\/vc_row_inner][\/vc_column][\/vc_row][vc_row css_animation=&#8221;&#8221; row_type=&#8221;row&#8221; use_row_as_full_screen_section=&#8221;no&#8221; type=&#8221;full_width&#8221; angled_section=&#8221;no&#8221; text_align=&#8221;left&#8221; background_image_as_pattern=&#8221;without_pattern&#8221; z_index=&#8221;&#8221; padding_top=&#8221;90&#8243; padding_bottom=&#8221;90&#8243;][vc_column][vc_row_inner row_type=&#8221;row&#8221; type=&#8221;grid&#8221; text_align=&#8221;left&#8221; css_animation=&#8221;&#8221;][vc_column_inner width=&#8221;1\/2&#8243;][vc_single_image image=&#8221;1054&#8243; img_size=&#8221;full&#8221; qode_css_animation=&#8221;&#8221;][\/vc_column_inner][vc_column_inner width=&#8221;1\/2&#8243;][vc_column_text css=&#8221;.vc_custom_1614685807429{padding-top: 15% !important;}&#8221;]<\/p>\n<h2>Kleine R\u00e4dchen \u2013 gro\u00dfe Wirkung<\/h2>\n<p>Mit konkreten Empfehlungen, Tipps und Tricks k\u00f6nnen Fehler vermieden werden und mehr Aufmerksamkeit im richtigen Moment und die richtige Zielgruppe geschaffen werden.<\/p>\n<p>Der Bericht umfasst ca. 15 Seiten DIN A4. Wahlweise gibt es den Bericht einzeln, mit einer 20 Min. oder 1-st\u00fcndigen Onlineberatung f\u00fcr Fragen zur Analyse.<\/p>\n<p>[\/vc_column_text][\/vc_column_inner][\/vc_row_inner][\/vc_column][\/vc_row][vc_row css_animation=&#8221;&#8221; row_type=&#8221;row&#8221; use_row_as_full_screen_section=&#8221;no&#8221; type=&#8221;full_width&#8221; angled_section=&#8221;no&#8221; text_align=&#8221;left&#8221; background_image_as_pattern=&#8221;without_pattern&#8221; z_index=&#8221;&#8221; background_color=&#8221;#00a8ff&#8221; padding_top=&#8221;90&#8243; padding_bottom=&#8221;90&#8243; el_class=&#8221;whitefont&#8221;][vc_column][vc_row_inner row_type=&#8221;row&#8221; type=&#8221;grid&#8221; text_align=&#8221;left&#8221; css_animation=&#8221;&#8221;][vc_column_inner][vc_column_text]<\/p>\n<h3>Hinweise<\/h3>\n<p>[\/vc_column_text][\/vc_column_inner][\/vc_row_inner][vc_row_inner row_type=&#8221;row&#8221; type=&#8221;grid&#8221; text_align=&#8221;left&#8221; css_animation=&#8221;&#8221;][vc_column_inner width=&#8221;1\/2&#8243;][vc_column_text]<\/p>\n<ul>\n<li>F\u00fcr den Bericht meldet sich ein SuperSocial Team Mitglied bei dir, um einen Analysten Admin Zugang zu deiner Facebook Seite zu bekommen. Wir helfen dir gerne bei der schnellen Einrichtung.<\/li>\n<\/ul>\n<p>[\/vc_column_text][\/vc_column_inner][vc_column_inner width=&#8221;1\/2&#8243;][vc_column_text]<\/p>\n<ul>\n<li>F\u00fcr dieses Service besteht auch die M\u00f6glichkeit f\u00fcr eine Zahlung per Rechnung. Melde dich einfach unter <a href=\"mailto:hallo@supersocial.at\">hallo@supersocial.at<\/a><\/li>\n<\/ul>\n<p>[\/vc_column_text][\/vc_column_inner][\/vc_row_inner][\/vc_column][\/vc_row]<\/p>\n<\/div>","protected":false},"excerpt":{"rendered":"<p>Kleine R\u00e4dchen drehen \u2013 gro\u00dfe Wirkung erzielen. Entdecke das Potenzial deiner Facebook Seite mit den SuperSocial Empfehlungen und Tipps.<\/p>\n<ul>\n<li>Detaillierte Facebook Seitenanalyse<\/li>\n<li>Bericht mit konkreten und Handlungsempfehlungen<\/li>\n<li>Pers\u00f6nliche Onlineberatung<\/li>\n<\/ul>\n","protected":false},"featured_media":1048,"template":"","meta":[],"product_brand":[],"product_cat":[40],"product_tag":[],"class_list":{"0":"post-1116","1":"product","2":"type-product","3":"status-publish","4":"has-post-thumbnail","6":"product_cat-uncategorized","8":"first","9":"instock","10":"taxable","11":"shipping-taxable","12":"purchasable","13":"product-type-variable","14":"has-default-attributes"},"_links":{"self":[{"href":"https:\/\/www.supersocial.at\/en\/wp-json\/wp\/v2\/product\/1116","targetHints":{"allow":["GET"]}}],"collection":[{"href":"https:\/\/www.supersocial.at\/en\/wp-json\/wp\/v2\/product"}],"about":[{"href":"https:\/\/www.supersocial.at\/en\/wp-json\/wp\/v2\/types\/product"}],"wp:featuredmedia":[{"embeddable":true,"href":"https:\/\/www.supersocial.at\/en\/wp-json\/wp\/v2\/media\/1048"}],"wp:attachment":[{"href":"https:\/\/www.supersocial.at\/en\/wp-json\/wp\/v2\/media?parent=1116"}],"wp:term":[{"taxonomy":"product_brand","embeddable":true,"href":"https:\/\/www.supersocial.at\/en\/wp-json\/wp\/v2\/product_brand?post=1116"},{"taxonomy":"product_cat","embeddable":true,"href":"https:\/\/www.supersocial.at\/en\/wp-json\/wp\/v2\/product_cat?post=1116"},{"taxonomy":"product_tag","embeddable":true,"href":"https:\/\/www.supersocial.at\/en\/wp-json\/wp\/v2\/product_tag?post=1116"}],"curies":[{"name":"wp","href":"https:\/\/api.w.org\/{rel}","templated":true}]}}